{"id":809,"date":"2024-05-28T20:38:42","date_gmt":"2024-05-29T01:38:42","guid":{"rendered":"https:\/\/observatorioloja.com\/?page_id=809"},"modified":"2024-05-28T20:46:30","modified_gmt":"2024-05-29T01:46:30","slug":"login-descarga","status":"publish","type":"page","link":"https:\/\/observatorioloja.com\/index.php\/login-descarga\/","title":{"rendered":"Descarga Estad\u00edsticas"},"content":{"rendered":"\n<p class=\"has-text-align-center\">Para poder descargar la informaci\u00f3n de estad\u00edsticas, primero debes registrarte en nuestro sitio<\/p>\n\n\n\n<p class=\"has-text-align-center\"><a href=\"https:\/\/observatorioloja.com\/wp-login.php?loggedout=true&amp;wp_lang=es_ES\" data-type=\"link\" data-id=\"https:\/\/observatorioloja.com\/wp-login.php?loggedout=true&amp;wp_lang=es_ES\">Haz clic aqu\u00ed para el registro<\/a><\/p>\n","protected":false},"excerpt":{"rendered":"<p>Para poder descargar la informaci\u00f3n de estad\u00edsticas, primero debes registrarte en nuestro sitio Haz clic aqu\u00ed para el registro<\/p>\n","protected":false},"author":1,"featured_media":0,"parent":0,"menu_order":0,"comment_status":"closed","ping_status":"closed","template":"","meta":{"_uag_custom_page_level_css":"","_monsterinsights_skip_tracking":false,"_monsterinsights_sitenote_active":false,"_monsterinsights_sitenote_note":"","_monsterinsights_sitenote_category":0,"footnotes":""},"class_list":["post-809","page","type-page","status-publish","hentry"],"uagb_featured_image_src":{"full":false,"thumbnail":false,"medium":false,"medium_large":false,"large":false,"1536x1536":false,"2048x2048":false,"ashe-slider-full-thumbnail":false,"ashe-full-thumbnail":false,"ashe-list-thumbnail":false,"ashe-grid-thumbnail":false,"ashe-single-navigation":false},"uagb_author_info":{"display_name":"observatorioloja.com","author_link":"https:\/\/observatorioloja.com\/index.php\/author\/observatorioloja-com\/"},"uagb_comment_info":0,"uagb_excerpt":"Para poder descargar la informaci\u00f3n de estad\u00edsticas, primero debes registrarte en nuestro sitio Haz clic aqu\u00ed para el registro","_links":{"self":[{"href":"https:\/\/observatorioloja.com\/index.php\/wp-json\/wp\/v2\/pages\/809","targetHints":{"allow":["GET"]}}],"collection":[{"href":"https:\/\/observatorioloja.com\/index.php\/wp-json\/wp\/v2\/pages"}],"about":[{"href":"https:\/\/observatorioloja.com\/index.php\/wp-json\/wp\/v2\/types\/page"}],"author":[{"embeddable":true,"href":"https:\/\/observatorioloja.com\/index.php\/wp-json\/wp\/v2\/users\/1"}],"replies":[{"embeddable":true,"href":"https:\/\/observatorioloja.com\/index.php\/wp-json\/wp\/v2\/comments?post=809"}],"version-history":[{"count":3,"href":"https:\/\/observatorioloja.com\/index.php\/wp-json\/wp\/v2\/pages\/809\/revisions"}],"predecessor-version":[{"id":813,"href":"https:\/\/observatorioloja.com\/index.php\/wp-json\/wp\/v2\/pages\/809\/revisions\/813"}],"wp:attachment":[{"href":"https:\/\/observatorioloja.com\/index.php\/wp-json\/wp\/v2\/media?parent=809"}],"curies":[{"name":"wp","href":"https:\/\/api.w.org\/{rel}","templated":true}]}}